{"id":44,"date":"2025-11-13T19:56:15","date_gmt":"2025-11-13T18:56:15","guid":{"rendered":"https:\/\/mipruebaezamora.web.hosting-01.inacap.cl\/?page_id=44"},"modified":"2025-11-13T16:42:34","modified_gmt":"2025-11-13T19:42:34","slug":"espumantes","status":"publish","type":"page","link":"https:\/\/mipruebaezamora.web.hosting-01.inacap.cl\/?page_id=44","title":{"rendered":"Espumantes"},"content":{"rendered":"\t\t<div data-elementor-type=\"wp-page\" data-elementor-id=\"44\" class=\"elementor elementor-44\" data-elementor-post-type=\"page\">\n\t\t\t\t<div class=\"elementor-element elementor-element-01fd9db e-flex e-con-boxed e-con e-parent\" data-id=\"01fd9db\" data-element_type=\"container\">\n\t\t\t\t\t<div class=\"e-con-inner\">\n\t\t<div class=\"elementor-element elementor-element-dd83c44 e-con-full e-flex e-con e-child\" data-id=\"dd83c44\" data-element_type=\"container\">\n\t\t\t\t<div class=\"elementor-element elementor-element-dc26602 elementor-widget elementor-widget-text-editor\" data-id=\"dc26602\" data-element_type=\"widget\" data-widget_type=\"text-editor.default\">\n\t\t\t\t\t\t\t\t\t<h2 class=\"elementor-heading-title elementor-size-default\">Espumantes<\/h2>\t\t\t\t\t\t\t\t<\/div>\n\t\t\t\t<div class=\"elementor-element elementor-element-cd21d1e elementor-widget elementor-widget-text-editor\" data-id=\"cd21d1e\" data-element_type=\"widget\" data-widget_type=\"text-editor.default\">\n\t\t\t\t\t\t\t\t\t<p>Los espumantes se caracterizan por su\u00a0<strong class=\"Yjhzub\" data-processed=\"true\">efervescencia<\/strong>\u00a0y las burbujas generadas por el di\u00f3xido de carbono (CO\u2082), producto de una\u00a0<strong class=\"Yjhzub\" data-processed=\"true\">segunda fermentaci\u00f3n<\/strong>. Pueden variar en\u00a0<strong class=\"Yjhzub\" data-processed=\"true\">dulzor<\/strong>, desde secos hasta muy dulces, y tambi\u00e9n en sus\u00a0<strong class=\"Yjhzub\" data-processed=\"true\">aromas<\/strong>. Son bebidas vers\u00e1tiles y refrescantes, ideales para celebraciones.<\/p>\t\t\t\t\t\t\t\t<\/div>\n\t\t\t\t<\/div>\n\t\t<div class=\"elementor-element elementor-element-07e52ce e-con-full e-flex e-con e-child\" data-id=\"07e52ce\" data-element_type=\"container\">\n\t\t\t\t<div class=\"elementor-element elementor-element-2e55855 elementor-widget elementor-widget-image\" data-id=\"2e55855\" data-element_type=\"widget\" data-widget_type=\"image.default\">\n\t\t\t\t\t\t\t\t\t\t\t\t\t\t\t<img fetchpriority=\"high\" decoding=\"async\" width=\"800\" height=\"449\" src=\"https:\/\/mipruebaezamora.web.hosting-01.inacap.cl\/wp-content\/uploads\/2025\/11\/ruta_de_las_burbujas-2-1-1024x575.jpeg\" class=\"attachment-large size-large wp-image-70\" alt=\"\" srcset=\"https:\/\/mipruebaezamora.web.hosting-01.inacap.cl\/wp-content\/uploads\/2025\/11\/ruta_de_las_burbujas-2-1-1024x575.jpeg 1024w, https:\/\/mipruebaezamora.web.hosting-01.inacap.cl\/wp-content\/uploads\/2025\/11\/ruta_de_las_burbujas-2-1-300x169.jpeg 300w, https:\/\/mipruebaezamora.web.hosting-01.inacap.cl\/wp-content\/uploads\/2025\/11\/ruta_de_las_burbujas-2-1-768x431.jpeg 768w, https:\/\/mipruebaezamora.web.hosting-01.inacap.cl\/wp-content\/uploads\/2025\/11\/ruta_de_las_burbujas-2-1.jpeg 1280w\" sizes=\"(max-width: 800px) 100vw, 800px\" \/>\t\t\t\t\t\t\t\t\t\t\t\t\t\t\t<\/div>\n\t\t\t\t<\/div>\n\t\t\t\t\t<\/div>\n\t\t\t\t<\/div>\n\t\t<div class=\"elementor-element elementor-element-c3d0447 e-flex e-con-boxed e-con e-parent\" data-id=\"c3d0447\" data-element_type=\"container\">\n\t\t\t\t\t<div class=\"e-con-inner\">\n\t\t<div class=\"elementor-element elementor-element-f404cf2 e-con-full e-flex e-con e-child\" data-id=\"f404cf2\" data-element_type=\"container\">\n\t\t\t\t<div class=\"elementor-element elementor-element-3862a75 elementor-widget elementor-widget-image\" data-id=\"3862a75\" data-element_type=\"widget\" data-widget_type=\"image.default\">\n\t\t\t\t\t\t\t\t\t\t\t\t\t\t\t<img decoding=\"async\" width=\"800\" height=\"801\" src=\"https:\/\/mipruebaezamora.web.hosting-01.inacap.cl\/wp-content\/uploads\/2025\/11\/VinamarMTEB_1800x.webp\" class=\"attachment-large size-large wp-image-71\" alt=\"\" srcset=\"https:\/\/mipruebaezamora.web.hosting-01.inacap.cl\/wp-content\/uploads\/2025\/11\/VinamarMTEB_1800x.webp 1000w, https:\/\/mipruebaezamora.web.hosting-01.inacap.cl\/wp-content\/uploads\/2025\/11\/VinamarMTEB_1800x-300x300.webp 300w, https:\/\/mipruebaezamora.web.hosting-01.inacap.cl\/wp-content\/uploads\/2025\/11\/VinamarMTEB_1800x-150x150.webp 150w, https:\/\/mipruebaezamora.web.hosting-01.inacap.cl\/wp-content\/uploads\/2025\/11\/VinamarMTEB_1800x-768x769.webp 768w\" sizes=\"(max-width: 800px) 100vw, 800px\" \/>\t\t\t\t\t\t\t\t\t\t\t\t\t\t\t<\/div>\n\t\t\t\t<\/div>\n\t\t<div class=\"elementor-element elementor-element-43885d9 e-con-full e-flex e-con e-child\" data-id=\"43885d9\" data-element_type=\"container\">\n\t\t\t\t<div class=\"elementor-element elementor-element-4fbf882 elementor-widget elementor-widget-text-editor\" data-id=\"4fbf882\" data-element_type=\"widget\" data-widget_type=\"text-editor.default\">\n\t\t\t\t\t\t\t\t\t<h2 class=\"elementor-heading-title elementor-size-default\">Brut<\/h2>\t\t\t\t\t\t\t\t<\/div>\n\t\t\t\t<div class=\"elementor-element elementor-element-a7d1a45 elementor-widget elementor-widget-text-editor\" data-id=\"a7d1a45\" data-element_type=\"widget\" data-widget_type=\"text-editor.default\">\n\t\t\t\t\t\t\t\t\t<p>Los espumantes Brut se caracterizan por ser secos y tener un bajo contenido de az\u00facar, espec\u00edficamente entre 6 y 12 gramos por litro. Son frescos, afrutados y muy vers\u00e1tiles en maridajes, ya que combinan bien con aperitivos, mariscos, pescados y carnes blancas. Este tipo es uno de los m\u00e1s populares y consumidos a nivel mundial.<span class=\"uJ19be notranslate\" data-wiz-uids=\"ROJdif_b,ROJdif_c,ROJdif_d\"><span class=\"vKEkVd\" data-animation-atomic=\"\">\u00a0<\/span><\/span><\/p>\t\t\t\t\t\t\t\t<\/div>\n\t\t\t\t<\/div>\n\t\t\t\t\t<\/div>\n\t\t\t\t<\/div>\n\t\t<div class=\"elementor-element elementor-element-b83ad80 e-flex e-con-boxed e-con e-parent\" data-id=\"b83ad80\" data-element_type=\"container\">\n\t\t\t\t\t<div class=\"e-con-inner\">\n\t\t<div class=\"elementor-element elementor-element-488049d e-con-full e-flex e-con e-child\" data-id=\"488049d\" data-element_type=\"container\">\n\t\t\t\t<div class=\"elementor-element elementor-element-ad764c0 elementor-widget elementor-widget-text-editor\" data-id=\"ad764c0\" data-element_type=\"widget\" data-widget_type=\"text-editor.default\">\n\t\t\t\t\t\t\t\t\t<h2 class=\"elementor-heading-title elementor-size-default\">Demisec<\/h2>\t\t\t\t\t\t\t\t<\/div>\n\t\t\t\t<div class=\"elementor-element elementor-element-8dad8c3 elementor-widget elementor-widget-text-editor\" data-id=\"8dad8c3\" data-element_type=\"widget\" data-widget_type=\"text-editor.default\">\n\t\t\t\t\t\t\t\t\t<p>Los espumantes Demisec se caracterizan por ser un punto medio entre seco y dulce, con un contenido de az\u00facar de\u00a0<strong class=\"Yjhzub\" data-processed=\"true\">entre 32 y 50 gramos por litro<\/strong>. Ofrecen una experiencia gustativa agradable, con una\u00a0<strong class=\"Yjhzub\" data-processed=\"true\">suave dulzura en el final<\/strong>, y son ideales para maridar con postres o para quienes prefieren un toque m\u00e1s dulce que los espumantes Brut. A menudo presentan un color amarillo p\u00e1lido o dorado y aromas frutales o florales.<span class=\"uJ19be notranslate\" data-wiz-uids=\"gn9BOe_12,gn9BOe_13,gn9BOe_14\" data-processed=\"true\"><span class=\"vKEkVd\" data-animation-atomic=\"\" data-processed=\"true\">\u00a0<\/span><\/span><\/p>\t\t\t\t\t\t\t\t<\/div>\n\t\t\t\t<\/div>\n\t\t<div class=\"elementor-element elementor-element-9a4933e e-con-full e-flex e-con e-child\" data-id=\"9a4933e\" data-element_type=\"container\">\n\t\t\t\t<div class=\"elementor-element elementor-element-bd277dd elementor-widget elementor-widget-image\" data-id=\"bd277dd\" data-element_type=\"widget\" data-widget_type=\"image.default\">\n\t\t\t\t\t\t\t\t\t\t\t\t\t\t\t<img decoding=\"async\" width=\"500\" height=\"500\" src=\"https:\/\/mipruebaezamora.web.hosting-01.inacap.cl\/wp-content\/uploads\/2025\/11\/SPARK-SUP10-BRUT-02-500x500-1.png\" class=\"attachment-large size-large wp-image-72\" alt=\"\" srcset=\"https:\/\/mipruebaezamora.web.hosting-01.inacap.cl\/wp-content\/uploads\/2025\/11\/SPARK-SUP10-BRUT-02-500x500-1.png 500w, https:\/\/mipruebaezamora.web.hosting-01.inacap.cl\/wp-content\/uploads\/2025\/11\/SPARK-SUP10-BRUT-02-500x500-1-300x300.png 300w, https:\/\/mipruebaezamora.web.hosting-01.inacap.cl\/wp-content\/uploads\/2025\/11\/SPARK-SUP10-BRUT-02-500x500-1-150x150.png 150w\" sizes=\"(max-width: 500px) 100vw, 500px\" \/>\t\t\t\t\t\t\t\t\t\t\t\t\t\t\t<\/div>\n\t\t\t\t<\/div>\n\t\t\t\t\t<\/div>\n\t\t\t\t<\/div>\n\t\t\t\t<\/div>\n\t\t","protected":false},"excerpt":{"rendered":"<p>Espumantes Los espumantes se caracterizan por su\u00a0efervescencia\u00a0y las burbujas generadas por el di\u00f3xido de carbono (CO\u2082), producto de una\u00a0segunda fermentaci\u00f3n. Pueden variar en\u00a0dulzor, desde secos hasta muy dulces, y tambi\u00e9n en sus\u00a0aromas. Son bebidas vers\u00e1tiles y refrescantes, ideales para celebraciones. Brut Los espumantes Brut se caracterizan por ser secos y tener un bajo contenido de [&hellip;]<\/p>\n","protected":false},"author":1,"featured_media":0,"parent":0,"menu_order":0,"comment_status":"closed","ping_status":"closed","template":"elementor_header_footer","meta":{"footnotes":""},"class_list":["post-44","page","type-page","status-publish","hentry"],"yoast_head":"<!-- This site is optimized with the Yoast SEO plugin v26.3 - https:\/\/yoast.com\/wordpress\/plugins\/seo\/ -->\n<title>Espumantes - WordPress Blog<\/title>\n<meta name=\"robots\" content=\"index, follow, max-snippet:-1, max-image-preview:large, max-video-preview:-1\" \/>\n<link rel=\"canonical\" href=\"https:\/\/mipruebaezamora.web.hosting-01.inacap.cl\/?page_id=44\" \/>\n<meta property=\"og:locale\" content=\"es_ES\" \/>\n<meta property=\"og:type\" content=\"article\" \/>\n<meta property=\"og:title\" content=\"Espumantes - WordPress Blog\" \/>\n<meta property=\"og:description\" content=\"Espumantes Los espumantes se caracterizan por su\u00a0efervescencia\u00a0y las burbujas generadas por el di\u00f3xido de carbono (CO\u2082), producto de una\u00a0segunda fermentaci\u00f3n. Pueden variar en\u00a0dulzor, desde secos hasta muy dulces, y tambi\u00e9n en sus\u00a0aromas. Son bebidas vers\u00e1tiles y refrescantes, ideales para celebraciones. Brut Los espumantes Brut se caracterizan por ser secos y tener un bajo contenido de [&hellip;]\" \/>\n<meta property=\"og:url\" content=\"https:\/\/mipruebaezamora.web.hosting-01.inacap.cl\/?page_id=44\" \/>\n<meta property=\"og:site_name\" content=\"WordPress Blog\" \/>\n<meta property=\"article:modified_time\" content=\"2025-11-13T19:42:34+00:00\" \/>\n<meta property=\"og:image\" content=\"https:\/\/mipruebaezamora.web.hosting-01.inacap.cl\/wp-content\/uploads\/2025\/11\/ruta_de_las_burbujas-2-1-1024x575.jpeg\" \/>\n<meta name=\"twitter:card\" content=\"summary_large_image\" \/>\n<meta name=\"twitter:label1\" content=\"Tiempo de lectura\" \/>\n\t<meta name=\"twitter:data1\" content=\"2 minutos\" \/>\n<script type=\"application\/ld+json\" class=\"yoast-schema-graph\">{\"@context\":\"https:\/\/schema.org\",\"@graph\":[{\"@type\":\"WebPage\",\"@id\":\"https:\/\/mipruebaezamora.web.hosting-01.inacap.cl\/?page_id=44\",\"url\":\"https:\/\/mipruebaezamora.web.hosting-01.inacap.cl\/?page_id=44\",\"name\":\"Espumantes - WordPress Blog\",\"isPartOf\":{\"@id\":\"https:\/\/mipruebaezamora.web.hosting-01.inacap.cl\/#website\"},\"primaryImageOfPage\":{\"@id\":\"https:\/\/mipruebaezamora.web.hosting-01.inacap.cl\/?page_id=44#primaryimage\"},\"image\":{\"@id\":\"https:\/\/mipruebaezamora.web.hosting-01.inacap.cl\/?page_id=44#primaryimage\"},\"thumbnailUrl\":\"https:\/\/mipruebaezamora.web.hosting-01.inacap.cl\/wp-content\/uploads\/2025\/11\/ruta_de_las_burbujas-2-1-1024x575.jpeg\",\"datePublished\":\"2025-11-13T18:56:15+00:00\",\"dateModified\":\"2025-11-13T19:42:34+00:00\",\"breadcrumb\":{\"@id\":\"https:\/\/mipruebaezamora.web.hosting-01.inacap.cl\/?page_id=44#breadcrumb\"},\"inLanguage\":\"es\",\"potentialAction\":[{\"@type\":\"ReadAction\",\"target\":[\"https:\/\/mipruebaezamora.web.hosting-01.inacap.cl\/?page_id=44\"]}]},{\"@type\":\"ImageObject\",\"inLanguage\":\"es\",\"@id\":\"https:\/\/mipruebaezamora.web.hosting-01.inacap.cl\/?page_id=44#primaryimage\",\"url\":\"https:\/\/mipruebaezamora.web.hosting-01.inacap.cl\/wp-content\/uploads\/2025\/11\/ruta_de_las_burbujas-2-1.jpeg\",\"contentUrl\":\"https:\/\/mipruebaezamora.web.hosting-01.inacap.cl\/wp-content\/uploads\/2025\/11\/ruta_de_las_burbujas-2-1.jpeg\",\"width\":1280,\"height\":719},{\"@type\":\"BreadcrumbList\",\"@id\":\"https:\/\/mipruebaezamora.web.hosting-01.inacap.cl\/?page_id=44#breadcrumb\",\"itemListElement\":[{\"@type\":\"ListItem\",\"position\":1,\"name\":\"Portada\",\"item\":\"https:\/\/mipruebaezamora.web.hosting-01.inacap.cl\/\"},{\"@type\":\"ListItem\",\"position\":2,\"name\":\"Espumantes\"}]},{\"@type\":\"WebSite\",\"@id\":\"https:\/\/mipruebaezamora.web.hosting-01.inacap.cl\/#website\",\"url\":\"https:\/\/mipruebaezamora.web.hosting-01.inacap.cl\/\",\"name\":\"WordPress Blog\",\"description\":\"alumno inacap miau\",\"potentialAction\":[{\"@type\":\"SearchAction\",\"target\":{\"@type\":\"EntryPoint\",\"urlTemplate\":\"https:\/\/mipruebaezamora.web.hosting-01.inacap.cl\/?s={search_term_string}\"},\"query-input\":{\"@type\":\"PropertyValueSpecification\",\"valueRequired\":true,\"valueName\":\"search_term_string\"}}],\"inLanguage\":\"es\"}]}<\/script>\n<!-- \/ Yoast SEO plugin. -->","yoast_head_json":{"title":"Espumantes - WordPress Blog","robots":{"index":"index","follow":"follow","max-snippet":"max-snippet:-1","max-image-preview":"max-image-preview:large","max-video-preview":"max-video-preview:-1"},"canonical":"https:\/\/mipruebaezamora.web.hosting-01.inacap.cl\/?page_id=44","og_locale":"es_ES","og_type":"article","og_title":"Espumantes - WordPress Blog","og_description":"Espumantes Los espumantes se caracterizan por su\u00a0efervescencia\u00a0y las burbujas generadas por el di\u00f3xido de carbono (CO\u2082), producto de una\u00a0segunda fermentaci\u00f3n. Pueden variar en\u00a0dulzor, desde secos hasta muy dulces, y tambi\u00e9n en sus\u00a0aromas. Son bebidas vers\u00e1tiles y refrescantes, ideales para celebraciones. Brut Los espumantes Brut se caracterizan por ser secos y tener un bajo contenido de [&hellip;]","og_url":"https:\/\/mipruebaezamora.web.hosting-01.inacap.cl\/?page_id=44","og_site_name":"WordPress Blog","article_modified_time":"2025-11-13T19:42:34+00:00","og_image":[{"url":"https:\/\/mipruebaezamora.web.hosting-01.inacap.cl\/wp-content\/uploads\/2025\/11\/ruta_de_las_burbujas-2-1-1024x575.jpeg","type":"","width":"","height":""}],"twitter_card":"summary_large_image","twitter_misc":{"Tiempo de lectura":"2 minutos"},"schema":{"@context":"https:\/\/schema.org","@graph":[{"@type":"WebPage","@id":"https:\/\/mipruebaezamora.web.hosting-01.inacap.cl\/?page_id=44","url":"https:\/\/mipruebaezamora.web.hosting-01.inacap.cl\/?page_id=44","name":"Espumantes - WordPress Blog","isPartOf":{"@id":"https:\/\/mipruebaezamora.web.hosting-01.inacap.cl\/#website"},"primaryImageOfPage":{"@id":"https:\/\/mipruebaezamora.web.hosting-01.inacap.cl\/?page_id=44#primaryimage"},"image":{"@id":"https:\/\/mipruebaezamora.web.hosting-01.inacap.cl\/?page_id=44#primaryimage"},"thumbnailUrl":"https:\/\/mipruebaezamora.web.hosting-01.inacap.cl\/wp-content\/uploads\/2025\/11\/ruta_de_las_burbujas-2-1-1024x575.jpeg","datePublished":"2025-11-13T18:56:15+00:00","dateModified":"2025-11-13T19:42:34+00:00","breadcrumb":{"@id":"https:\/\/mipruebaezamora.web.hosting-01.inacap.cl\/?page_id=44#breadcrumb"},"inLanguage":"es","potentialAction":[{"@type":"ReadAction","target":["https:\/\/mipruebaezamora.web.hosting-01.inacap.cl\/?page_id=44"]}]},{"@type":"ImageObject","inLanguage":"es","@id":"https:\/\/mipruebaezamora.web.hosting-01.inacap.cl\/?page_id=44#primaryimage","url":"https:\/\/mipruebaezamora.web.hosting-01.inacap.cl\/wp-content\/uploads\/2025\/11\/ruta_de_las_burbujas-2-1.jpeg","contentUrl":"https:\/\/mipruebaezamora.web.hosting-01.inacap.cl\/wp-content\/uploads\/2025\/11\/ruta_de_las_burbujas-2-1.jpeg","width":1280,"height":719},{"@type":"BreadcrumbList","@id":"https:\/\/mipruebaezamora.web.hosting-01.inacap.cl\/?page_id=44#breadcrumb","itemListElement":[{"@type":"ListItem","position":1,"name":"Portada","item":"https:\/\/mipruebaezamora.web.hosting-01.inacap.cl\/"},{"@type":"ListItem","position":2,"name":"Espumantes"}]},{"@type":"WebSite","@id":"https:\/\/mipruebaezamora.web.hosting-01.inacap.cl\/#website","url":"https:\/\/mipruebaezamora.web.hosting-01.inacap.cl\/","name":"WordPress Blog","description":"alumno inacap miau","potentialAction":[{"@type":"SearchAction","target":{"@type":"EntryPoint","urlTemplate":"https:\/\/mipruebaezamora.web.hosting-01.inacap.cl\/?s={search_term_string}"},"query-input":{"@type":"PropertyValueSpecification","valueRequired":true,"valueName":"search_term_string"}}],"inLanguage":"es"}]}},"_links":{"self":[{"href":"https:\/\/mipruebaezamora.web.hosting-01.inacap.cl\/index.php?rest_route=\/wp\/v2\/pages\/44","targetHints":{"allow":["GET"]}}],"collection":[{"href":"https:\/\/mipruebaezamora.web.hosting-01.inacap.cl\/index.php?rest_route=\/wp\/v2\/pages"}],"about":[{"href":"https:\/\/mipruebaezamora.web.hosting-01.inacap.cl\/index.php?rest_route=\/wp\/v2\/types\/page"}],"author":[{"embeddable":true,"href":"https:\/\/mipruebaezamora.web.hosting-01.inacap.cl\/index.php?rest_route=\/wp\/v2\/users\/1"}],"replies":[{"embeddable":true,"href":"https:\/\/mipruebaezamora.web.hosting-01.inacap.cl\/index.php?rest_route=%2Fwp%2Fv2%2Fcomments&post=44"}],"version-history":[{"count":5,"href":"https:\/\/mipruebaezamora.web.hosting-01.inacap.cl\/index.php?rest_route=\/wp\/v2\/pages\/44\/revisions"}],"predecessor-version":[{"id":45,"href":"https:\/\/mipruebaezamora.web.hosting-01.inacap.cl\/index.php?rest_route=\/wp\/v2\/pages\/44\/revisions\/45"}],"wp:attachment":[{"href":"https:\/\/mipruebaezamora.web.hosting-01.inacap.cl\/index.php?rest_route=%2Fwp%2Fv2%2Fmedia&parent=44"}],"curies":[{"name":"wp","href":"https:\/\/api.w.org\/{rel}","templated":true}]}}