{"id":29,"date":"2025-11-13T19:21:50","date_gmt":"2025-11-13T18:21:50","guid":{"rendered":"https:\/\/mipruebaezamora.web.hosting-01.inacap.cl\/?page_id=29"},"modified":"2025-11-13T19:55:02","modified_gmt":"2025-11-13T18:55:02","slug":"home","status":"publish","type":"page","link":"https:\/\/mipruebaezamora.web.hosting-01.inacap.cl\/","title":{"rendered":"inicio"},"content":{"rendered":"\t\t<div data-elementor-type=\"wp-page\" data-elementor-id=\"29\" class=\"elementor elementor-29\" data-elementor-post-type=\"page\">\n\t\t\t\t<div class=\"elementor-element elementor-element-1b4c6c1 e-con-full e-flex e-con e-parent\" data-id=\"1b4c6c1\" data-element_type=\"container\">\n\t\t\t\t<div class=\"elementor-element elementor-element-4d0c7f5 elementor--h-position-center elementor--v-position-middle elementor-arrows-position-inside elementor-pagination-position-inside elementor-widget elementor-widget-slides\" data-id=\"4d0c7f5\" data-element_type=\"widget\" data-settings=\"{&quot;navigation&quot;:&quot;both&quot;,&quot;autoplay&quot;:&quot;yes&quot;,&quot;pause_on_hover&quot;:&quot;yes&quot;,&quot;pause_on_interaction&quot;:&quot;yes&quot;,&quot;autoplay_speed&quot;:5000,&quot;infinite&quot;:&quot;yes&quot;,&quot;transition&quot;:&quot;slide&quot;,&quot;transition_speed&quot;:500}\" data-widget_type=\"slides.default\">\n\t\t\t\t\t\t\t\t\t\t<div class=\"elementor-slides-wrapper elementor-main-swiper swiper\" role=\"region\" aria-roledescription=\"carousel\" aria-label=\"Slides\" dir=\"ltr\" data-animation=\"fadeInUp\">\n\t\t\t\t<div class=\"swiper-wrapper elementor-slides\">\n\t\t\t\t\t\t\t\t\t\t<div class=\"elementor-repeater-item-e30e2f9 swiper-slide\" role=\"group\" aria-roledescription=\"slide\"><div class=\"swiper-slide-bg\" role=\"img\" aria-label=\"pexels-alex-staudinger-829197-1731834\"><\/div><div class=\"swiper-slide-inner\" ><div class=\"swiper-slide-contents\"><div class=\"elementor-slide-heading\">Nuestros Vinos<\/div><div class=\"elementor-slide-description\">Conoce los nuestra gran variedad de productos<\/div><div  class=\"elementor-button elementor-slide-button elementor-size-sm\">Ingresar<\/div><\/div><\/div><\/div><div class=\"elementor-repeater-item-2aae7ec swiper-slide\" role=\"group\" aria-roledescription=\"slide\"><div class=\"swiper-slide-bg\" role=\"img\" aria-label=\"pexels-luiz-m-santos-250917-760281\"><\/div><div class=\"swiper-slide-inner\" ><div class=\"swiper-slide-contents\"><div class=\"elementor-slide-heading\">Espumante<\/div><div class=\"elementor-slide-description\">Disfruta Cada<\/div><div  class=\"elementor-button elementor-slide-button elementor-size-sm\">Click Here<\/div><\/div><\/div><\/div><div class=\"elementor-repeater-item-c2695f9 swiper-slide\" role=\"group\" aria-roledescription=\"slide\"><div class=\"swiper-slide-bg\"><\/div><div class=\"swiper-slide-inner\" ><div class=\"swiper-slide-contents\"><div class=\"elementor-slide-heading\">Slide 3 Heading<\/div><div class=\"elementor-slide-description\">Lorem ipsum dolor sit amet consectetur adipiscing elit dolor<\/div><div  class=\"elementor-button elementor-slide-button elementor-size-sm\">Click Here<\/div><\/div><\/div><\/div>\t\t\t\t<\/div>\n\t\t\t\t\t\t\t\t\t\t\t\t\t\t\t<div class=\"elementor-swiper-button elementor-swiper-button-prev\" role=\"button\" tabindex=\"0\" aria-label=\"Previous slide\">\n\t\t\t\t\t\t\t<svg aria-hidden=\"true\" class=\"e-font-icon-svg e-eicon-chevron-left\" viewBox=\"0 0 1000 1000\" xmlns=\"http:\/\/www.w3.org\/2000\/svg\"><path d=\"M646 125C629 125 613 133 604 142L308 442C296 454 292 471 292 487 292 504 296 521 308 533L604 854C617 867 629 875 646 875 663 875 679 871 692 858 704 846 713 829 713 812 713 796 708 779 692 767L438 487 692 225C700 217 708 204 708 187 708 171 704 154 692 142 675 129 663 125 646 125Z\"><\/path><\/svg>\t\t\t\t\t\t<\/div>\n\t\t\t\t\t\t<div class=\"elementor-swiper-button elementor-swiper-button-next\" role=\"button\" tabindex=\"0\" aria-label=\"Next slide\">\n\t\t\t\t\t\t\t<svg aria-hidden=\"true\" class=\"e-font-icon-svg e-eicon-chevron-right\" viewBox=\"0 0 1000 1000\" xmlns=\"http:\/\/www.w3.org\/2000\/svg\"><path d=\"M696 533C708 521 713 504 713 487 713 471 708 454 696 446L400 146C388 133 375 125 354 125 338 125 325 129 313 142 300 154 292 171 292 187 292 204 296 221 308 233L563 492 304 771C292 783 288 800 288 817 288 833 296 850 308 863 321 871 338 875 354 875 371 875 388 867 400 854L696 533Z\"><\/path><\/svg>\t\t\t\t\t\t<\/div>\n\t\t\t\t\t\t\t\t\t\t\t\t\t\t\t\t<div class=\"swiper-pagination\"><\/div>\n\t\t\t\t\t\t\t\t\t\t\t\t<\/div>\n\t\t\t\t\t\t\t\t<\/div>\n\t\t\t\t<\/div>\n\t\t<div class=\"elementor-element elementor-element-91570b8 e-con-full e-flex e-con e-parent\" data-id=\"91570b8\" data-element_type=\"container\">\n\t\t<div class=\"elementor-element elementor-element-c05be62 e-con-full e-flex e-con e-child\" data-id=\"c05be62\" data-element_type=\"container\">\n\t\t\t\t<div class=\"elementor-element elementor-element-ba26f75 elementor-widget elementor-widget-image\" data-id=\"ba26f75\" data-element_type=\"widget\" data-widget_type=\"image.default\">\n\t\t\t\t\t\t\t\t\t\t\t\t\t\t\t<img fetchpriority=\"high\" decoding=\"async\" width=\"467\" height=\"358\" src=\"https:\/\/mipruebaezamora.web.hosting-01.inacap.cl\/wp-content\/uploads\/2025\/11\/Captura-de-pantalla-2025-11-10-a-las-12.02.09-a.m.png\" class=\"attachment-large size-large wp-image-14\" alt=\"\" srcset=\"https:\/\/mipruebaezamora.web.hosting-01.inacap.cl\/wp-content\/uploads\/2025\/11\/Captura-de-pantalla-2025-11-10-a-las-12.02.09-a.m.png 467w, https:\/\/mipruebaezamora.web.hosting-01.inacap.cl\/wp-content\/uploads\/2025\/11\/Captura-de-pantalla-2025-11-10-a-las-12.02.09-a.m-300x230.png 300w\" sizes=\"(max-width: 467px) 100vw, 467px\" \/>\t\t\t\t\t\t\t\t\t\t\t\t\t\t\t<\/div>\n\t\t\t\t<\/div>\n\t\t<div class=\"elementor-element elementor-element-74561f4 e-con-full e-flex e-con e-child\" data-id=\"74561f4\" data-element_type=\"container\">\n\t\t\t\t<div class=\"elementor-element elementor-element-a802ce9 elementor-widget elementor-widget-text-editor\" data-id=\"a802ce9\" data-element_type=\"widget\" data-widget_type=\"text-editor.default\">\n\t\t\t\t\t\t\t\t\t<p><span style=\"font-size: 24pt;\">El maridaje<\/span><\/p>\t\t\t\t\t\t\t\t<\/div>\n\t\t\t\t<div class=\"elementor-element elementor-element-92926c8 elementor-widget elementor-widget-text-editor\" data-id=\"92926c8\" data-element_type=\"widget\" data-widget_type=\"text-editor.default\">\n\t\t\t\t\t\t\t\t\t<p><span data-huuid=\"3246841909976493975\"><strong>El maridaje<\/strong> es el proceso de combinar alimentos y bebidas para crear una experiencia sensorial armoniosa que realza los sabores de ambos.\u00a0<\/span><span data-huuid=\"3246841909976493428\">Se busca un equilibrio, ya sea por similitud (complementando sabores) o por contraste (equilibrando perfiles gustativos opuestos), haciendo que el conjunto sea mejor que la suma de sus partes.\u00a0<\/span><span data-huuid=\"3246841909976492881\">Aunque com\u00fanmente se asocia con vino y comida, puede incluir otras bebidas como cervezas, licores o c\u00f3cteles.<span class=\"pjBG2e\" data-cid=\"5bfe849f-f506-4ddf-89ba-52485d91c1c2\"><span class=\"UV3uM\">\u00a0<\/span><\/span><\/span><\/p>\t\t\t\t\t\t\t\t<\/div>\n\t\t\t\t<\/div>\n\t\t<div class=\"elementor-element elementor-element-daf1aae e-con-full e-flex e-con e-child\" data-id=\"daf1aae\" data-element_type=\"container\">\n\t\t\t\t<div class=\"elementor-element elementor-element-78d90f3 elementor-widget elementor-widget-text-editor\" data-id=\"78d90f3\" data-element_type=\"widget\" data-widget_type=\"text-editor.default\">\n\t\t\t\t\t\t\t\t\t<h2 class=\"elementor-heading-title elementor-size-default\">Su Historia<\/h2>\t\t\t\t\t\t\t\t<\/div>\n\t\t\t\t<div class=\"elementor-element elementor-element-d551efd elementor-widget elementor-widget-text-editor\" data-id=\"d551efd\" data-element_type=\"widget\" data-widget_type=\"text-editor.default\">\n\t\t\t\t\t\t\t\t\t<p><br><\/p><p><br><\/p><p><br><\/p><p>La historia del&nbsp;<span style=\"color: #9e68a6;\"><strong class=\"Yjhzub\">Valle de Casablanca<\/strong>&nbsp;<\/span>es doble: una historia ancestral como paso estrat\u00e9gico entre Santiago y Valpara\u00edso y una historia m\u00e1s reciente como referente mundial de vinos de clima fr\u00edo. La comuna fue fundada en 1753, recibiendo su nombre de una hacienda colonial con una casa blanca. Su desarrollo agr\u00edcola, inicialmente en los coloniales grandes haciendas, se reorient\u00f3 en 1982 hacia el cultivo de vid, especialmente cepas blancas como Chardonnay y Sauvignon Blanc, logrando un reconocimiento internacional por la calidad de sus vinos.<span class=\"uJ19be notranslate\" data-wiz-uids=\"WCl4hd_c,WCl4hd_d\"><span class=\"vKEkVd\" data-animation-atomic=\"\">&nbsp;<\/span><\/span><\/p>\t\t\t\t\t\t\t\t<\/div>\n\t\t\t\t<\/div>\n\t\t<div class=\"elementor-element elementor-element-1d20072 e-con-full e-flex e-con e-child\" data-id=\"1d20072\" data-element_type=\"container\">\n\t\t\t\t<div class=\"elementor-element elementor-element-10bf796 elementor-widget elementor-widget-image\" data-id=\"10bf796\" data-element_type=\"widget\" data-widget_type=\"image.default\">\n\t\t\t\t\t\t\t\t\t\t\t\t\t\t\t<img decoding=\"async\" width=\"800\" height=\"646\" src=\"https:\/\/mipruebaezamora.web.hosting-01.inacap.cl\/wp-content\/uploads\/2025\/11\/dibujo-23a.jpg\" class=\"attachment-large size-large wp-image-33\" alt=\"\" srcset=\"https:\/\/mipruebaezamora.web.hosting-01.inacap.cl\/wp-content\/uploads\/2025\/11\/dibujo-23a.jpg 1025w, https:\/\/mipruebaezamora.web.hosting-01.inacap.cl\/wp-content\/uploads\/2025\/11\/dibujo-23a-300x242.jpg 300w, https:\/\/mipruebaezamora.web.hosting-01.inacap.cl\/wp-content\/uploads\/2025\/11\/dibujo-23a-768x620.jpg 768w\" sizes=\"(max-width: 800px) 100vw, 800px\" \/>\t\t\t\t\t\t\t\t\t\t\t\t\t\t\t<\/div>\n\t\t\t\t<\/div>\n\t\t\t\t<\/div>\n\t\t<div class=\"elementor-element elementor-element-366f580 e-flex e-con-boxed e-con e-parent\" data-id=\"366f580\" data-element_type=\"container\">\n\t\t\t\t\t<div class=\"e-con-inner\">\n\t\t<div class=\"elementor-element elementor-element-ef9498d e-con-full e-flex e-con e-child\" data-id=\"ef9498d\" data-element_type=\"container\">\n\t\t\t\t<div class=\"elementor-element elementor-element-e99a0eb elementor-widget elementor-widget-image\" data-id=\"e99a0eb\" data-element_type=\"widget\" data-widget_type=\"image.default\">\n\t\t\t\t\t\t\t\t\t\t\t\t\t\t\t<img decoding=\"async\" src=\"https:\/\/mipruebaezamora.web.hosting-01.inacap.cl\/wp-content\/uploads\/2025\/11\/20535743-hd_1280_720_25fps.mp4\" title=\"\" alt=\"\" loading=\"lazy\" \/>\t\t\t\t\t\t\t\t\t\t\t\t\t\t\t<\/div>\n\t\t\t\t<\/div>\n\t\t<div class=\"elementor-element elementor-element-93209a3 e-con-full e-flex e-con e-child\" data-id=\"93209a3\" data-element_type=\"container\">\n\t\t\t\t<div class=\"elementor-element elementor-element-d2dd150 elementor-widget elementor-widget-text-editor\" data-id=\"d2dd150\" data-element_type=\"widget\" data-widget_type=\"text-editor.default\">\n\t\t\t\t\t\t\t\t\t<h2 class=\"elementor-heading-title elementor-size-default\">Valle de CasaBlanca<\/h2>\t\t\t\t\t\t\t\t<\/div>\n\t\t\t\t<div class=\"elementor-element elementor-element-8af2ea3 elementor-widget elementor-widget-text-editor\" data-id=\"8af2ea3\" data-element_type=\"widget\" data-widget_type=\"text-editor.default\">\n\t\t\t\t\t\t\t\t\t<p>\u00a0<\/p><p><span style=\"font-family: var( --e-global-typography-text-font-family ), Sans-serif; text-align: var(--text-align); font-size: 1rem;\">El \u00abvalle de casa blanca\u00bb se refiere al\u00a0<\/span><span style=\"font-family: var( --e-global-typography-text-font-family ), Sans-serif; text-align: var(--text-align); font-size: 1rem; color: #9e68a6;\"><strong>Valle de Casablanca<\/strong><\/span><span style=\"font-family: var( --e-global-typography-text-font-family ), Sans-serif; text-align: var(--text-align); font-size: 1rem;\">, un importante valle vitivin\u00edcola de Chile ubicado en la regi\u00f3n de Valpara\u00edso, conocido por su producci\u00f3n de vinos blancos de clima fr\u00edo como el\u00a0<\/span><span style=\"font-family: var( --e-global-typography-text-font-family ), Sans-serif; text-align: var(--text-align); font-size: 1rem; color: #cc99ff;\"><a class=\"GI370e\" style=\"color: #cc99ff;\" href=\"https:\/\/www.google.com\/search?q=Sauvignon+Blanc&amp;rlz=1C5CHFA_enCL1168CL1168&amp;oq=valle+de&amp;gs_lcrp=EgZjaHJvbWUqBggAEEUYOzIGCAAQRRg7MgoIARAAGLEDGIAEMgYIAhBFGDkyBwgDEAAYgAQyBwgEEAAYgAQyEAgFEC4YrwEYxwEYgAQYjgUyBwgGEAAYgAQyDQgHEC4YrwEYxwEYgAQyBwgIEAAYgAQyBwgJEC4YgATSAQk0MzMxajBqMTWoAgiwAgHxBar8NURPDexi&amp;sourceid=chrome&amp;ie=UTF-8&amp;mstk=AUtExfAG7bZQSbVXrdQHBT-4p9UTJaGP9yqppY6n0ystNvOuRBHGgYFjLjysgOzWMXc-_4dPjxx8UugN_xxkFgHzQ-NEcCDb5WPXfmjhriqN_jPTEFNXED_zfGvYJPaGz7nJPhnsVUKk6MIeGKWdmZSul6ngLHqG__OTFCo0ZNu3AYu80s4&amp;csui=3&amp;ved=2ahUKEwjd1JmU0-aQAxU3q5UCHe5-IKgQgK4QegQIARAB\" data-wiz-uids=\"F68OBe_c\" data-ved=\"2ahUKEwjd1JmU0-aQAxU3q5UCHe5-IKgQgK4QegQIARAB\" data-hveid=\"CAEQAQ\">Sauvignon Blanc<\/a>\u00a0y el\u00a0<a class=\"GI370e\" style=\"color: #cc99ff;\" href=\"https:\/\/www.google.com\/search?q=Chardonnay&amp;rlz=1C5CHFA_enCL1168CL1168&amp;oq=valle+de&amp;gs_lcrp=EgZjaHJvbWUqBggAEEUYOzIGCAAQRRg7MgoIARAAGLEDGIAEMgYIAhBFGDkyBwgDEAAYgAQyBwgEEAAYgAQyEAgFEC4YrwEYxwEYgAQYjgUyBwgGEAAYgAQyDQgHEC4YrwEYxwEYgAQyBwgIEAAYgAQyBwgJEC4YgATSAQk0MzMxajBqMTWoAgiwAgHxBar8NURPDexi&amp;sourceid=chrome&amp;ie=UTF-8&amp;mstk=AUtExfAG7bZQSbVXrdQHBT-4p9UTJaGP9yqppY6n0ystNvOuRBHGgYFjLjysgOzWMXc-_4dPjxx8UugN_xxkFgHzQ-NEcCDb5WPXfmjhriqN_jPTEFNXED_zfGvYJPaGz7nJPhnsVUKk6MIeGKWdmZSul6ngLHqG__OTFCo0ZNu3AYu80s4&amp;csui=3&amp;ved=2ahUKEwjd1JmU0-aQAxU3q5UCHe5-IKgQgK4QegQIARAC\" data-wiz-uids=\"F68OBe_d\" data-ved=\"2ahUKEwjd1JmU0-aQAxU3q5UCHe5-IKgQgK4QegQIARAC\" data-hveid=\"CAEQAg\">Chardonnay<\/a><\/span><span style=\"font-family: var( --e-global-typography-text-font-family ), Sans-serif; text-align: var(--text-align); font-size: 1rem;\">, adem\u00e1s de tintos como el\u00a0<\/span><span style=\"font-family: var( --e-global-typography-text-font-family ), Sans-serif; text-align: var(--text-align); font-size: 1rem; color: #cc99ff;\"><a class=\"GI370e\" style=\"color: #cc99ff;\" href=\"https:\/\/www.google.com\/search?q=Pinot+Noir&amp;rlz=1C5CHFA_enCL1168CL1168&amp;oq=valle+de&amp;gs_lcrp=EgZjaHJvbWUqBggAEEUYOzIGCAAQRRg7MgoIARAAGLEDGIAEMgYIAhBFGDkyBwgDEAAYgAQyBwgEEAAYgAQyEAgFEC4YrwEYxwEYgAQYjgUyBwgGEAAYgAQyDQgHEC4YrwEYxwEYgAQyBwgIEAAYgAQyBwgJEC4YgATSAQk0MzMxajBqMTWoAgiwAgHxBar8NURPDexi&amp;sourceid=chrome&amp;ie=UTF-8&amp;mstk=AUtExfAG7bZQSbVXrdQHBT-4p9UTJaGP9yqppY6n0ystNvOuRBHGgYFjLjysgOzWMXc-_4dPjxx8UugN_xxkFgHzQ-NEcCDb5WPXfmjhriqN_jPTEFNXED_zfGvYJPaGz7nJPhnsVUKk6MIeGKWdmZSul6ngLHqG__OTFCo0ZNu3AYu80s4&amp;csui=3&amp;ved=2ahUKEwjd1JmU0-aQAxU3q5UCHe5-IKgQgK4QegQIARAD\" data-wiz-uids=\"F68OBe_e\" data-ved=\"2ahUKEwjd1JmU0-aQAxU3q5UCHe5-IKgQgK4QegQIARAD\" data-hveid=\"CAEQAw\">Pinot Noir<\/a><\/span><span style=\"font-family: var( --e-global-typography-text-font-family ), Sans-serif; text-align: var(--text-align); font-size: 1rem;\">. Su cercan\u00eda al oc\u00e9ano Pac\u00edfico le otorga una influencia marina que genera una maduraci\u00f3n lenta de las uvas, resultando en vinos con gran acidez y concentraci\u00f3n. Es un destino popular para el enoturismo, con numerosas vi\u00f1as, bodegas, y actividades relacionadas con el vino y la gastronom\u00eda.<\/span><span class=\"uJ19be notranslate\" style=\"font-family: var( --e-global-typography-text-font-family ), Sans-serif; text-align: var(--text-align); font-size: 1rem;\" data-wiz-uids=\"F68OBe_f,F68OBe_g\"><span class=\"vKEkVd\" data-animation-atomic=\"\">\u00a0<\/span><\/span><\/p>\t\t\t\t\t\t\t\t<\/div>\n\t\t\t\t<\/div>\n\t\t\t\t\t<\/div>\n\t\t\t\t<\/div>\n\t\t\t\t<\/div>\n\t\t","protected":false},"excerpt":{"rendered":"<p>Nuestros VinosConoce los nuestra gran variedad de productosIngresarEspumanteDisfruta CadaClick HereSlide 3 HeadingLorem ipsum dolor sit amet consectetur adipiscing elit dolorClick Here El maridaje El maridaje es el proceso de combinar alimentos y bebidas para crear una experiencia sensorial armoniosa que realza los sabores de ambos.\u00a0Se busca un equilibrio, ya sea por similitud (complementando sabores) o [&hellip;]<\/p>\n","protected":false},"author":1,"featured_media":0,"parent":0,"menu_order":0,"comment_status":"closed","ping_status":"closed","template":"elementor_header_footer","meta":{"footnotes":""},"class_list":["post-29","page","type-page","status-publish","hentry"],"yoast_head":"<!-- This site is optimized with the Yoast SEO plugin v26.3 - https:\/\/yoast.com\/wordpress\/plugins\/seo\/ -->\n<title>inicio - WordPress Blog<\/title>\n<meta name=\"robots\" content=\"index, follow, max-snippet:-1, max-image-preview:large, max-video-preview:-1\" \/>\n<link rel=\"canonical\" href=\"https:\/\/mipruebaezamora.web.hosting-01.inacap.cl\/\" \/>\n<meta property=\"og:locale\" content=\"es_ES\" \/>\n<meta property=\"og:type\" content=\"article\" \/>\n<meta property=\"og:title\" content=\"inicio - WordPress Blog\" \/>\n<meta property=\"og:description\" content=\"Nuestros VinosConoce los nuestra gran variedad de productosIngresarEspumanteDisfruta CadaClick HereSlide 3 HeadingLorem ipsum dolor sit amet consectetur adipiscing elit dolorClick Here El maridaje El maridaje es el proceso de combinar alimentos y bebidas para crear una experiencia sensorial armoniosa que realza los sabores de ambos.\u00a0Se busca un equilibrio, ya sea por similitud (complementando sabores) o [&hellip;]\" \/>\n<meta property=\"og:url\" content=\"https:\/\/mipruebaezamora.web.hosting-01.inacap.cl\/\" \/>\n<meta property=\"og:site_name\" content=\"WordPress Blog\" \/>\n<meta property=\"article:modified_time\" content=\"2025-11-13T18:55:02+00:00\" \/>\n<meta property=\"og:image\" content=\"https:\/\/mipruebaezamora.web.hosting-01.inacap.cl\/wp-content\/uploads\/2025\/11\/Captura-de-pantalla-2025-11-10-a-las-12.02.09-a.m.png\" \/>\n<meta name=\"twitter:card\" content=\"summary_large_image\" \/>\n<meta name=\"twitter:label1\" content=\"Tiempo de lectura\" \/>\n\t<meta name=\"twitter:data1\" content=\"2 minutos\" \/>\n<script type=\"application\/ld+json\" class=\"yoast-schema-graph\">{\"@context\":\"https:\/\/schema.org\",\"@graph\":[{\"@type\":\"WebPage\",\"@id\":\"https:\/\/mipruebaezamora.web.hosting-01.inacap.cl\/\",\"url\":\"https:\/\/mipruebaezamora.web.hosting-01.inacap.cl\/\",\"name\":\"inicio - WordPress Blog\",\"isPartOf\":{\"@id\":\"https:\/\/mipruebaezamora.web.hosting-01.inacap.cl\/#website\"},\"primaryImageOfPage\":{\"@id\":\"https:\/\/mipruebaezamora.web.hosting-01.inacap.cl\/#primaryimage\"},\"image\":{\"@id\":\"https:\/\/mipruebaezamora.web.hosting-01.inacap.cl\/#primaryimage\"},\"thumbnailUrl\":\"https:\/\/mipruebaezamora.web.hosting-01.inacap.cl\/wp-content\/uploads\/2025\/11\/Captura-de-pantalla-2025-11-10-a-las-12.02.09-a.m.png\",\"datePublished\":\"2025-11-13T18:21:50+00:00\",\"dateModified\":\"2025-11-13T18:55:02+00:00\",\"breadcrumb\":{\"@id\":\"https:\/\/mipruebaezamora.web.hosting-01.inacap.cl\/#breadcrumb\"},\"inLanguage\":\"es\",\"potentialAction\":[{\"@type\":\"ReadAction\",\"target\":[\"https:\/\/mipruebaezamora.web.hosting-01.inacap.cl\/\"]}]},{\"@type\":\"ImageObject\",\"inLanguage\":\"es\",\"@id\":\"https:\/\/mipruebaezamora.web.hosting-01.inacap.cl\/#primaryimage\",\"url\":\"https:\/\/mipruebaezamora.web.hosting-01.inacap.cl\/wp-content\/uploads\/2025\/11\/Captura-de-pantalla-2025-11-10-a-las-12.02.09-a.m.png\",\"contentUrl\":\"https:\/\/mipruebaezamora.web.hosting-01.inacap.cl\/wp-content\/uploads\/2025\/11\/Captura-de-pantalla-2025-11-10-a-las-12.02.09-a.m.png\",\"width\":467,\"height\":358},{\"@type\":\"BreadcrumbList\",\"@id\":\"https:\/\/mipruebaezamora.web.hosting-01.inacap.cl\/#breadcrumb\",\"itemListElement\":[{\"@type\":\"ListItem\",\"position\":1,\"name\":\"Portada\",\"item\":\"https:\/\/mipruebaezamora.web.hosting-01.inacap.cl\/\"},{\"@type\":\"ListItem\",\"position\":2,\"name\":\"inicio\"}]},{\"@type\":\"WebSite\",\"@id\":\"https:\/\/mipruebaezamora.web.hosting-01.inacap.cl\/#website\",\"url\":\"https:\/\/mipruebaezamora.web.hosting-01.inacap.cl\/\",\"name\":\"WordPress Blog\",\"description\":\"alumno inacap miau\",\"potentialAction\":[{\"@type\":\"SearchAction\",\"target\":{\"@type\":\"EntryPoint\",\"urlTemplate\":\"https:\/\/mipruebaezamora.web.hosting-01.inacap.cl\/?s={search_term_string}\"},\"query-input\":{\"@type\":\"PropertyValueSpecification\",\"valueRequired\":true,\"valueName\":\"search_term_string\"}}],\"inLanguage\":\"es\"}]}<\/script>\n<!-- \/ Yoast SEO plugin. -->","yoast_head_json":{"title":"inicio - WordPress Blog","robots":{"index":"index","follow":"follow","max-snippet":"max-snippet:-1","max-image-preview":"max-image-preview:large","max-video-preview":"max-video-preview:-1"},"canonical":"https:\/\/mipruebaezamora.web.hosting-01.inacap.cl\/","og_locale":"es_ES","og_type":"article","og_title":"inicio - WordPress Blog","og_description":"Nuestros VinosConoce los nuestra gran variedad de productosIngresarEspumanteDisfruta CadaClick HereSlide 3 HeadingLorem ipsum dolor sit amet consectetur adipiscing elit dolorClick Here El maridaje El maridaje es el proceso de combinar alimentos y bebidas para crear una experiencia sensorial armoniosa que realza los sabores de ambos.\u00a0Se busca un equilibrio, ya sea por similitud (complementando sabores) o [&hellip;]","og_url":"https:\/\/mipruebaezamora.web.hosting-01.inacap.cl\/","og_site_name":"WordPress Blog","article_modified_time":"2025-11-13T18:55:02+00:00","og_image":[{"url":"https:\/\/mipruebaezamora.web.hosting-01.inacap.cl\/wp-content\/uploads\/2025\/11\/Captura-de-pantalla-2025-11-10-a-las-12.02.09-a.m.png","type":"","width":"","height":""}],"twitter_card":"summary_large_image","twitter_misc":{"Tiempo de lectura":"2 minutos"},"schema":{"@context":"https:\/\/schema.org","@graph":[{"@type":"WebPage","@id":"https:\/\/mipruebaezamora.web.hosting-01.inacap.cl\/","url":"https:\/\/mipruebaezamora.web.hosting-01.inacap.cl\/","name":"inicio - WordPress Blog","isPartOf":{"@id":"https:\/\/mipruebaezamora.web.hosting-01.inacap.cl\/#website"},"primaryImageOfPage":{"@id":"https:\/\/mipruebaezamora.web.hosting-01.inacap.cl\/#primaryimage"},"image":{"@id":"https:\/\/mipruebaezamora.web.hosting-01.inacap.cl\/#primaryimage"},"thumbnailUrl":"https:\/\/mipruebaezamora.web.hosting-01.inacap.cl\/wp-content\/uploads\/2025\/11\/Captura-de-pantalla-2025-11-10-a-las-12.02.09-a.m.png","datePublished":"2025-11-13T18:21:50+00:00","dateModified":"2025-11-13T18:55:02+00:00","breadcrumb":{"@id":"https:\/\/mipruebaezamora.web.hosting-01.inacap.cl\/#breadcrumb"},"inLanguage":"es","potentialAction":[{"@type":"ReadAction","target":["https:\/\/mipruebaezamora.web.hosting-01.inacap.cl\/"]}]},{"@type":"ImageObject","inLanguage":"es","@id":"https:\/\/mipruebaezamora.web.hosting-01.inacap.cl\/#primaryimage","url":"https:\/\/mipruebaezamora.web.hosting-01.inacap.cl\/wp-content\/uploads\/2025\/11\/Captura-de-pantalla-2025-11-10-a-las-12.02.09-a.m.png","contentUrl":"https:\/\/mipruebaezamora.web.hosting-01.inacap.cl\/wp-content\/uploads\/2025\/11\/Captura-de-pantalla-2025-11-10-a-las-12.02.09-a.m.png","width":467,"height":358},{"@type":"BreadcrumbList","@id":"https:\/\/mipruebaezamora.web.hosting-01.inacap.cl\/#breadcrumb","itemListElement":[{"@type":"ListItem","position":1,"name":"Portada","item":"https:\/\/mipruebaezamora.web.hosting-01.inacap.cl\/"},{"@type":"ListItem","position":2,"name":"inicio"}]},{"@type":"WebSite","@id":"https:\/\/mipruebaezamora.web.hosting-01.inacap.cl\/#website","url":"https:\/\/mipruebaezamora.web.hosting-01.inacap.cl\/","name":"WordPress Blog","description":"alumno inacap miau","potentialAction":[{"@type":"SearchAction","target":{"@type":"EntryPoint","urlTemplate":"https:\/\/mipruebaezamora.web.hosting-01.inacap.cl\/?s={search_term_string}"},"query-input":{"@type":"PropertyValueSpecification","valueRequired":true,"valueName":"search_term_string"}}],"inLanguage":"es"}]}},"_links":{"self":[{"href":"https:\/\/mipruebaezamora.web.hosting-01.inacap.cl\/index.php?rest_route=\/wp\/v2\/pages\/29","targetHints":{"allow":["GET"]}}],"collection":[{"href":"https:\/\/mipruebaezamora.web.hosting-01.inacap.cl\/index.php?rest_route=\/wp\/v2\/pages"}],"about":[{"href":"https:\/\/mipruebaezamora.web.hosting-01.inacap.cl\/index.php?rest_route=\/wp\/v2\/types\/page"}],"author":[{"embeddable":true,"href":"https:\/\/mipruebaezamora.web.hosting-01.inacap.cl\/index.php?rest_route=\/wp\/v2\/users\/1"}],"replies":[{"embeddable":true,"href":"https:\/\/mipruebaezamora.web.hosting-01.inacap.cl\/index.php?rest_route=%2Fwp%2Fv2%2Fcomments&post=29"}],"version-history":[{"count":6,"href":"https:\/\/mipruebaezamora.web.hosting-01.inacap.cl\/index.php?rest_route=\/wp\/v2\/pages\/29\/revisions"}],"predecessor-version":[{"id":41,"href":"https:\/\/mipruebaezamora.web.hosting-01.inacap.cl\/index.php?rest_route=\/wp\/v2\/pages\/29\/revisions\/41"}],"wp:attachment":[{"href":"https:\/\/mipruebaezamora.web.hosting-01.inacap.cl\/index.php?rest_route=%2Fwp%2Fv2%2Fmedia&parent=29"}],"curies":[{"name":"wp","href":"https:\/\/api.w.org\/{rel}","templated":true}]}}